{"id":2,"date":"2023-03-02T11:33:36","date_gmt":"2023-03-02T10:33:36","guid":{"rendered":"https:\/\/foodcourt.glasshouse.fr\/?page_id=2"},"modified":"2023-05-26T17:03:55","modified_gmt":"2023-05-26T15:03:55","slug":"page-d-exemple","status":"publish","type":"page","link":"https:\/\/foodcourtrivoli.fr\/fr\/","title":{"rendered":"Page d&rsquo;accueil"},"content":{"rendered":"","protected":false},"excerpt":{"rendered":"","protected":false},"author":1,"featured_media":0,"parent":0,"menu_order":0,"comment_status":"closed","ping_status":"open","template":"template-homepage.php","meta":{"_acf_changed":false,"footnotes":""},"class_list":["post-2","page","type-page","status-publish","hentry"],"acf":[],"yoast_head":"<!-- This site is optimized with the Yoast SEO plugin v23.2 - https:\/\/yoast.com\/wordpress\/plugins\/seo\/ -->\n<title>La destination gourmande du mus\u00e9e du Louvre, 7 restaurants pour tous les go\u00fbts<\/title>\n<meta name=\"description\" content=\"Les restaurants du Foodcourt Rivoli vous offrent un voyage culinaire : cuisine fran\u00e7aise ou italienne, p\u00e2tisseries, burgers et street food tha\u00eflandaise\" \/>\n<meta name=\"robots\" content=\"index, follow, max-snippet:-1, max-image-preview:large, max-video-preview:-1\" \/>\n<link rel=\"canonical\" href=\"https:\/\/foodcourtrivoli.fr\/fr\/\" \/>\n<meta property=\"og:locale\" content=\"fr_FR\" \/>\n<meta property=\"og:type\" content=\"article\" \/>\n<meta property=\"og:title\" content=\"La destination gourmande du mus\u00e9e du Louvre, 7 restaurants pour tous les go\u00fbts\" \/>\n<meta property=\"og:description\" content=\"Les restaurants du Foodcourt Rivoli vous offrent un voyage culinaire : cuisine fran\u00e7aise ou italienne, p\u00e2tisseries, burgers et street food tha\u00eflandaise\" \/>\n<meta property=\"og:url\" content=\"https:\/\/foodcourtrivoli.fr\/fr\/\" \/>\n<meta property=\"og:site_name\" content=\"Foodcourt Rivoli\" \/>\n<meta property=\"article:publisher\" content=\"https:\/\/www.facebook.com\/foodcourtrivoli\" \/>\n<meta property=\"article:modified_time\" content=\"2023-05-26T15:03:55+00:00\" \/>\n<meta name=\"twitter:card\" content=\"summary_large_image\" \/>\n<script type=\"application\/ld+json\" class=\"yoast-schema-graph\">{\"@context\":\"https:\/\/schema.org\",\"@graph\":[{\"@type\":\"WebPage\",\"@id\":\"https:\/\/foodcourtrivoli.fr\/fr\/\",\"url\":\"https:\/\/foodcourtrivoli.fr\/fr\/\",\"name\":\"La destination gourmande du mus\u00e9e du Louvre, 7 restaurants pour tous les go\u00fbts\",\"isPartOf\":{\"@id\":\"https:\/\/foodcourtrivoli.fr\/fr\/#website\"},\"datePublished\":\"2023-03-02T10:33:36+00:00\",\"dateModified\":\"2023-05-26T15:03:55+00:00\",\"description\":\"Les restaurants du Foodcourt Rivoli vous offrent un voyage culinaire : cuisine fran\u00e7aise ou italienne, p\u00e2tisseries, burgers et street food tha\u00eflandaise\",\"breadcrumb\":{\"@id\":\"https:\/\/foodcourtrivoli.fr\/fr\/#breadcrumb\"},\"inLanguage\":\"fr-FR\",\"potentialAction\":[{\"@type\":\"ReadAction\",\"target\":[\"https:\/\/foodcourtrivoli.fr\/fr\/\"]}]},{\"@type\":\"BreadcrumbList\",\"@id\":\"https:\/\/foodcourtrivoli.fr\/fr\/#breadcrumb\",\"itemListElement\":[{\"@type\":\"ListItem\",\"position\":1,\"name\":\"Accueil\",\"item\":\"https:\/\/foodcourtrivoli.fr\/fr\/\"},{\"@type\":\"ListItem\",\"position\":2,\"name\":\"Page d&rsquo;accueil\"}]},{\"@type\":\"WebSite\",\"@id\":\"https:\/\/foodcourtrivoli.fr\/fr\/#website\",\"url\":\"https:\/\/foodcourtrivoli.fr\/fr\/\",\"name\":\"Foodcourt Rivoli\",\"description\":\"\",\"publisher\":{\"@id\":\"https:\/\/foodcourtrivoli.fr\/fr\/#organization\"},\"potentialAction\":[{\"@type\":\"SearchAction\",\"target\":{\"@type\":\"EntryPoint\",\"urlTemplate\":\"https:\/\/foodcourtrivoli.fr\/fr\/?s={search_term_string}\"},\"query-input\":\"required name=search_term_string\"}],\"inLanguage\":\"fr-FR\"},{\"@type\":\"Organization\",\"@id\":\"https:\/\/foodcourtrivoli.fr\/fr\/#organization\",\"name\":\"Foodcourt Rivoli\",\"url\":\"https:\/\/foodcourtrivoli.fr\/fr\/\",\"logo\":{\"@type\":\"ImageObject\",\"inLanguage\":\"fr-FR\",\"@id\":\"https:\/\/foodcourtrivoli.fr\/fr\/#\/schema\/logo\/image\/\",\"url\":\"https:\/\/foodcourtrivoli.fr\/app\/uploads\/2023\/05\/logo-foodcourt-full@2x.png\",\"contentUrl\":\"https:\/\/foodcourtrivoli.fr\/app\/uploads\/2023\/05\/logo-foodcourt-full@2x.png\",\"width\":361,\"height\":280,\"caption\":\"Foodcourt Rivoli\"},\"image\":{\"@id\":\"https:\/\/foodcourtrivoli.fr\/fr\/#\/schema\/logo\/image\/\"},\"sameAs\":[\"https:\/\/www.facebook.com\/foodcourtrivoli\",\"https:\/\/www.instagram.com\/foodcourt_rivoli\/\"]}]}<\/script>\n<!-- \/ Yoast SEO plugin. -->","yoast_head_json":{"title":"La destination gourmande du mus\u00e9e du Louvre, 7 restaurants pour tous les go\u00fbts","description":"Les restaurants du Foodcourt Rivoli vous offrent un voyage culinaire : cuisine fran\u00e7aise ou italienne, p\u00e2tisseries, burgers et street food tha\u00eflandaise","robots":{"index":"index","follow":"follow","max-snippet":"max-snippet:-1","max-image-preview":"max-image-preview:large","max-video-preview":"max-video-preview:-1"},"canonical":"https:\/\/foodcourtrivoli.fr\/fr\/","og_locale":"fr_FR","og_type":"article","og_title":"La destination gourmande du mus\u00e9e du Louvre, 7 restaurants pour tous les go\u00fbts","og_description":"Les restaurants du Foodcourt Rivoli vous offrent un voyage culinaire : cuisine fran\u00e7aise ou italienne, p\u00e2tisseries, burgers et street food tha\u00eflandaise","og_url":"https:\/\/foodcourtrivoli.fr\/fr\/","og_site_name":"Foodcourt Rivoli","article_publisher":"https:\/\/www.facebook.com\/foodcourtrivoli","article_modified_time":"2023-05-26T15:03:55+00:00","twitter_card":"summary_large_image","schema":{"@context":"https:\/\/schema.org","@graph":[{"@type":"WebPage","@id":"https:\/\/foodcourtrivoli.fr\/fr\/","url":"https:\/\/foodcourtrivoli.fr\/fr\/","name":"La destination gourmande du mus\u00e9e du Louvre, 7 restaurants pour tous les go\u00fbts","isPartOf":{"@id":"https:\/\/foodcourtrivoli.fr\/fr\/#website"},"datePublished":"2023-03-02T10:33:36+00:00","dateModified":"2023-05-26T15:03:55+00:00","description":"Les restaurants du Foodcourt Rivoli vous offrent un voyage culinaire : cuisine fran\u00e7aise ou italienne, p\u00e2tisseries, burgers et street food tha\u00eflandaise","breadcrumb":{"@id":"https:\/\/foodcourtrivoli.fr\/fr\/#breadcrumb"},"inLanguage":"fr-FR","potentialAction":[{"@type":"ReadAction","target":["https:\/\/foodcourtrivoli.fr\/fr\/"]}]},{"@type":"BreadcrumbList","@id":"https:\/\/foodcourtrivoli.fr\/fr\/#breadcrumb","itemListElement":[{"@type":"ListItem","position":1,"name":"Accueil","item":"https:\/\/foodcourtrivoli.fr\/fr\/"},{"@type":"ListItem","position":2,"name":"Page d&rsquo;accueil"}]},{"@type":"WebSite","@id":"https:\/\/foodcourtrivoli.fr\/fr\/#website","url":"https:\/\/foodcourtrivoli.fr\/fr\/","name":"Foodcourt Rivoli","description":"","publisher":{"@id":"https:\/\/foodcourtrivoli.fr\/fr\/#organization"},"potentialAction":[{"@type":"SearchAction","target":{"@type":"EntryPoint","urlTemplate":"https:\/\/foodcourtrivoli.fr\/fr\/?s={search_term_string}"},"query-input":"required name=search_term_string"}],"inLanguage":"fr-FR"},{"@type":"Organization","@id":"https:\/\/foodcourtrivoli.fr\/fr\/#organization","name":"Foodcourt Rivoli","url":"https:\/\/foodcourtrivoli.fr\/fr\/","logo":{"@type":"ImageObject","inLanguage":"fr-FR","@id":"https:\/\/foodcourtrivoli.fr\/fr\/#\/schema\/logo\/image\/","url":"https:\/\/foodcourtrivoli.fr\/app\/uploads\/2023\/05\/logo-foodcourt-full@2x.png","contentUrl":"https:\/\/foodcourtrivoli.fr\/app\/uploads\/2023\/05\/logo-foodcourt-full@2x.png","width":361,"height":280,"caption":"Foodcourt Rivoli"},"image":{"@id":"https:\/\/foodcourtrivoli.fr\/fr\/#\/schema\/logo\/image\/"},"sameAs":["https:\/\/www.facebook.com\/foodcourtrivoli","https:\/\/www.instagram.com\/foodcourt_rivoli\/"]}]}},"_links":{"self":[{"href":"https:\/\/foodcourtrivoli.fr\/fr\/wp-json\/wp\/v2\/pages\/2"}],"collection":[{"href":"https:\/\/foodcourtrivoli.fr\/fr\/wp-json\/wp\/v2\/pages"}],"about":[{"href":"https:\/\/foodcourtrivoli.fr\/fr\/wp-json\/wp\/v2\/types\/page"}],"author":[{"embeddable":true,"href":"https:\/\/foodcourtrivoli.fr\/fr\/wp-json\/wp\/v2\/users\/1"}],"replies":[{"embeddable":true,"href":"https:\/\/foodcourtrivoli.fr\/fr\/wp-json\/wp\/v2\/comments?post=2"}],"version-history":[{"count":2,"href":"https:\/\/foodcourtrivoli.fr\/fr\/wp-json\/wp\/v2\/pages\/2\/revisions"}],"predecessor-version":[{"id":798,"href":"https:\/\/foodcourtrivoli.fr\/fr\/wp-json\/wp\/v2\/pages\/2\/revisions\/798"}],"wp:attachment":[{"href":"https:\/\/foodcourtrivoli.fr\/fr\/wp-json\/wp\/v2\/media?parent=2"}],"curies":[{"name":"wp","href":"https:\/\/api.w.org\/{rel}","templated":true}]}}